{"id":9302,"date":"2025-05-15T14:54:33","date_gmt":"2025-05-15T18:54:33","guid":{"rendered":"https:\/\/liceoadhalmar.cl\/wp\/?page_id=9302"},"modified":"2026-01-18T04:36:23","modified_gmt":"2026-01-18T07:36:23","slug":"metodo-de-estudio","status":"publish","type":"page","link":"https:\/\/liceoadhalmar.cl\/wp\/metodo-de-estudio\/","title":{"rendered":"M\u00e9todo de Estudio"},"content":{"rendered":"\t\t<div data-elementor-type=\"wp-page\" data-elementor-id=\"9302\" class=\"elementor elementor-9302\">\n\t\t\t\t\t\t<section class=\"elementor-section elementor-top-section elementor-element elementor-element-a2b208f elementor-section-full_width elementor-section-height-default elementor-section-height-default\" data-id=\"a2b208f\" data-element_type=\"section\" data-e-type=\"section\" data-settings=\"{&quot;background_background&quot;:&quot;slideshow&quot;,&quot;background_slideshow_gallery&quot;:[{&quot;id&quot;:2939,&quot;url&quot;:&quot;https:\\\/\\\/liceoadhalmar.cl\\\/wp\\\/wp-content\\\/uploads\\\/2023\\\/05\\\/header02.png&quot;},{&quot;id&quot;:2931,&quot;url&quot;:&quot;https:\\\/\\\/liceoadhalmar.cl\\\/wp\\\/wp-content\\\/uploads\\\/2023\\\/05\\\/Header2023.png&quot;},{&quot;id&quot;:1549,&quot;url&quot;:&quot;https:\\\/\\\/liceoadhalmar.cl\\\/wp\\\/wp-content\\\/uploads\\\/2023\\\/05\\\/fondo-temporal.png&quot;}],&quot;background_slideshow_slide_duration&quot;:9000,&quot;background_slideshow_transition_duration&quot;:10000,&quot;background_slideshow_loop&quot;:&quot;yes&quot;,&quot;background_slideshow_slide_transition&quot;:&quot;fade&quot;}\">\n\t\t\t\t\t\t<div class=\"elementor-container elementor-column-gap-default\">\n\t\t\t\t\t<div class=\"elementor-column elementor-col-33 elementor-top-column elementor-element elementor-element-1b31176\" data-id=\"1b31176\" data-element_type=\"column\" data-e-type=\"column\">\n\t\t\t<div class=\"elementor-widget-wrap elementor-element-populated\">\n\t\t\t\t\t\t<div class=\"elementor-element elementor-element-f9dcab0 elementor-invisible elementor-widget elementor-widget-image\" data-id=\"f9dcab0\" data-element_type=\"widget\" data-e-type=\"widget\" data-settings=\"{&quot;_animation&quot;:&quot;fadeInDown&quot;}\" data-widget_type=\"image.default\">\n\t\t\t\t<div class=\"elementor-widget-container\">\n\t\t\t\t\t\t\t\t\t\t\t\t\t\t\t\t<a href=\"https:\/\/liceoadhalmar.cl\/wp\/\">\n\t\t\t\t\t\t\t<img decoding=\"async\" src=\"https:\/\/liceoadhalmar.cl\/wp\/wp-content\/uploads\/elementor\/thumbs\/Nuevologo2025-300px-reb0jy5o4cq4lpdpxits18jgb1cz8tmpbpdio798w4.png\" title=\"Nuevologo2025-300px\" alt=\"Nuevologo2025-300px\" loading=\"lazy\" \/>\t\t\t\t\t\t\t\t<\/a>\n\t\t\t\t\t\t\t\t\t\t\t\t\t\t\t<\/div>\n\t\t\t\t<\/div>\n\t\t\t\t\t<\/div>\n\t\t<\/div>\n\t\t\t\t<div class=\"elementor-column elementor-col-33 elementor-top-column elementor-element elementor-element-436c72c\" data-id=\"436c72c\" data-element_type=\"column\" data-e-type=\"column\">\n\t\t\t<div class=\"elementor-widget-wrap\">\n\t\t\t\t\t\t\t<\/div>\n\t\t<\/div>\n\t\t\t\t<div class=\"elementor-column elementor-col-33 elementor-top-column elementor-element elementor-element-0a53296\" data-id=\"0a53296\" data-element_type=\"column\" data-e-type=\"column\">\n\t\t\t<div class=\"elementor-widget-wrap elementor-element-populated\">\n\t\t\t\t\t\t<div class=\"elementor-element elementor-element-ea25f56 elementor-invisible elementor-widget elementor-widget-heading\" data-id=\"ea25f56\" data-element_type=\"widget\" data-e-type=\"widget\" data-settings=\"{&quot;_animation&quot;:&quot;fadeInLeft&quot;}\" data-widget_type=\"heading.default\">\n\t\t\t\t<div class=\"elementor-widget-container\">\n\t\t\t\t\t<h2 class=\"elementor-heading-title elementor-size-default\">METODO DE ESTUDIO<\/h2>\t\t\t\t<\/div>\n\t\t\t\t<\/div>\n\t\t\t\t\t<\/div>\n\t\t<\/div>\n\t\t\t\t\t<\/div>\n\t\t<\/section>\n\t\t\t\t<section class=\"elementor-section elementor-top-section elementor-element elementor-element-1e6320d elementor-section-full_width elementor-section-height-default elementor-section-height-default\" data-id=\"1e6320d\" data-element_type=\"section\" data-e-type=\"section\" data-settings=\"{&quot;background_background&quot;:&quot;classic&quot;}\">\n\t\t\t\t\t\t<div class=\"elementor-container elementor-column-gap-default\">\n\t\t\t\t\t<div class=\"elementor-column elementor-col-100 elementor-top-column elementor-element elementor-element-df225f7\" data-id=\"df225f7\" data-element_type=\"column\" data-e-type=\"column\">\n\t\t\t<div class=\"elementor-widget-wrap elementor-element-populated\">\n\t\t\t\t\t\t<section class=\"elementor-section elementor-inner-section elementor-element elementor-element-4861485 elementor-section-boxed elementor-section-height-default elementor-section-height-default\" data-id=\"4861485\" data-element_type=\"section\" data-e-type=\"section\">\n\t\t\t\t\t\t<div class=\"elementor-container elementor-column-gap-default\">\n\t\t\t\t\t<div class=\"elementor-column elementor-col-100 elementor-inner-column elementor-element elementor-element-0e5483b\" data-id=\"0e5483b\" data-element_type=\"column\" data-e-type=\"column\">\n\t\t\t<div class=\"elementor-widget-wrap elementor-element-populated\">\n\t\t\t\t\t\t<div class=\"elementor-element elementor-element-7f39ca8 elementor-invisible elementor-widget elementor-widget-pdfjs_viewer\" data-id=\"7f39ca8\" data-element_type=\"widget\" data-e-type=\"widget\" data-settings=\"{&quot;_animation&quot;:&quot;fadeInDown&quot;}\" data-widget_type=\"pdfjs_viewer.default\">\n\t\t\t\t<div class=\"elementor-widget-container\">\n\t\t\t\t\t<iframe src=\"https:\/\/liceoadhalmar.cl\/wp\/wp-content\/plugins\/pdf-viewer-for-elementor\/assets\/pdfjs\/web\/viewer.html?file=https:\/\/liceoadhalmar.cl\/wp\/wp-content\/uploads\/2025\/05\/A-Estudiar-se-Aprende-1.pdf&amp;embedded=true\" style=\"display: block; margin-left: auto; margin-right: auto; width: 1450px; height: 1405px;\" frameborder=\"1\" marginheight=\"0px\" marginwidth=\"0px\" allowfullscreen><\/iframe>\t\t\t\t<\/div>\n\t\t\t\t<\/div>\n\t\t\t\t\t<\/div>\n\t\t<\/div>\n\t\t\t\t\t<\/div>\n\t\t<\/section>\n\t\t\t\t\t<\/div>\n\t\t<\/div>\n\t\t\t\t\t<\/div>\n\t\t<\/section>\n\t\t\t\t<section class=\"elementor-section elementor-top-section elementor-element elementor-element-d15e8cb elementor-section-full_width elementor-section-height-default elementor-section-height-default\" data-id=\"d15e8cb\" data-element_type=\"section\" data-e-type=\"section\" data-settings=\"{&quot;background_background&quot;:&quot;classic&quot;}\">\n\t\t\t\t\t\t<div class=\"elementor-container elementor-column-gap-default\">\n\t\t\t\t\t<div class=\"elementor-column elementor-col-33 elementor-top-column elementor-element elementor-element-8485d3c\" data-id=\"8485d3c\" data-element_type=\"column\" data-e-type=\"column\">\n\t\t\t<div class=\"elementor-widget-wrap elementor-element-populated\">\n\t\t\t\t\t\t<div class=\"elementor-element elementor-element-df4ce91 elementor-align-center elementor-widget elementor-widget-button\" data-id=\"df4ce91\" data-element_type=\"widget\" data-e-type=\"widget\" data-widget_type=\"button.default\">\n\t\t\t\t<div class=\"elementor-widget-container\">\n\t\t\t\t\t\t\t\t\t<div class=\"elementor-button-wrapper\">\n\t\t\t\t\t<a class=\"elementor-button elementor-button-link elementor-size-sm\" href=\"https:\/\/liceoadhalmar.cl\/wp\/\">\n\t\t\t\t\t\t<span class=\"elementor-button-content-wrapper\">\n\t\t\t\t\t\t\t\t\t<span class=\"elementor-button-text\">Volver a Inicio<\/span>\n\t\t\t\t\t<\/span>\n\t\t\t\t\t<\/a>\n\t\t\t\t<\/div>\n\t\t\t\t\t\t\t\t<\/div>\n\t\t\t\t<\/div>\n\t\t\t\t\t<\/div>\n\t\t<\/div>\n\t\t\t\t<div class=\"elementor-column elementor-col-33 elementor-top-column elementor-element elementor-element-a643d3f\" data-id=\"a643d3f\" data-element_type=\"column\" data-e-type=\"column\">\n\t\t\t<div class=\"elementor-widget-wrap elementor-element-populated\">\n\t\t\t\t\t\t<div class=\"elementor-element elementor-element-4fbaf46 elementor-widget elementor-widget-text-editor\" data-id=\"4fbaf46\" data-element_type=\"widget\" data-e-type=\"widget\" data-widget_type=\"text-editor.default\">\n\t\t\t\t<div class=\"elementor-widget-container\">\n\t\t\t\t\t\t\t\t\t<h5 style=\"text-align: center;\"><strong><span style=\"color: #800000;\"><span style=\"vertical-align: inherit;\"><span style=\"vertical-align: inherit;\"><span style=\"vertical-align: inherit;\"><span style=\"vertical-align: inherit;\"><span style=\"vertical-align: inherit;\"><span style=\"vertical-align: inherit;\"><span style=\"vertical-align: inherit;\"><span style=\"vertical-align: inherit;\">Liceo <\/span><\/span><\/span><\/span><\/span><\/span><\/span><\/span><\/span><span style=\"color: #800000;\"><span style=\"vertical-align: inherit;\"><span style=\"vertical-align: inherit;\"><span style=\"vertical-align: inherit;\"><span style=\"vertical-align: inherit;\"><span style=\"vertical-align: inherit;\"><span style=\"vertical-align: inherit;\"><span style=\"vertical-align: inherit;\"><span style=\"vertical-align: inherit;\">Augusto D\u00b4halmar<\/span><\/span><\/span><\/span><\/span><\/span><\/span><\/span><\/span><\/strong><\/h5><p style=\"text-align: center;\"><span style=\"color: #ffffff;\"><span style=\"color: #000000;\"><span style=\"vertical-align: inherit;\"><span style=\"vertical-align: inherit;\"><span style=\"vertical-align: inherit;\"><span style=\"vertical-align: inherit;\"><span style=\"vertical-align: inherit;\"><span style=\"vertical-align: inherit;\"><span style=\"vertical-align: inherit;\"><span style=\"vertical-align: inherit;\">Direcci\u00f3n: Ram\u00f3n Cruz 589.<\/span><\/span><\/span><\/span><\/span><\/span><\/span><\/span><\/span><\/span><\/p><p style=\"text-align: center;\"><span style=\"color: #ffffff;\"><span style=\"color: #000000;\"><span style=\"vertical-align: inherit;\"><span style=\"vertical-align: inherit;\"><span style=\"vertical-align: inherit;\"><span style=\"vertical-align: inherit;\"><span style=\"vertical-align: inherit;\"><span style=\"vertical-align: inherit;\"><span style=\"vertical-align: inherit;\"><span style=\"vertical-align: inherit;\">\u00d1u\u00f1oa, Santiago, Chile.<\/span><\/span><\/span><\/span><\/span><\/span><\/span><\/span><\/span><\/span><\/p><h6 style=\"text-align: center;\"><a href=\"mailto:contacto@liceoadhalmar.cl\">contacto@liceoadhalmar.cl<\/a><\/h6><h6 style=\"text-align: center;\"><span style=\"vertical-align: inherit;\"><span style=\"vertical-align: inherit;\"><span style=\"vertical-align: inherit;\"><span style=\"vertical-align: inherit;\">Fono: 22232512310 \/ 22232512313<\/span><\/span><\/span><\/span><\/h6>\t\t\t\t\t\t\t\t<\/div>\n\t\t\t\t<\/div>\n\t\t\t\t\t<\/div>\n\t\t<\/div>\n\t\t\t\t<div class=\"elementor-column elementor-col-33 elementor-top-column elementor-element elementor-element-5d1ae56\" data-id=\"5d1ae56\" data-element_type=\"column\" data-e-type=\"column\">\n\t\t\t<div class=\"elementor-widget-wrap elementor-element-populated\">\n\t\t\t\t\t\t<div class=\"elementor-element elementor-element-07d3102 elementor-widget elementor-widget-image\" data-id=\"07d3102\" data-element_type=\"widget\" data-e-type=\"widget\" data-widget_type=\"image.default\">\n\t\t\t\t<div class=\"elementor-widget-container\">\n\t\t\t\t\t\t\t\t\t\t\t\t\t\t\t<img decoding=\"async\" width=\"300\" height=\"110\" src=\"https:\/\/liceoadhalmar.cl\/wp\/wp-content\/uploads\/2025\/02\/Logo-Nunoa-Educacion-Blanco-Horizontal-300x110.png\" class=\"attachment-medium size-medium wp-image-5583\" alt=\"\" srcset=\"https:\/\/liceoadhalmar.cl\/wp\/wp-content\/uploads\/2025\/02\/Logo-Nunoa-Educacion-Blanco-Horizontal-300x110.png 300w, https:\/\/liceoadhalmar.cl\/wp\/wp-content\/uploads\/2025\/02\/Logo-Nunoa-Educacion-Blanco-Horizontal-1024x377.png 1024w, https:\/\/liceoadhalmar.cl\/wp\/wp-content\/uploads\/2025\/02\/Logo-Nunoa-Educacion-Blanco-Horizontal-768x282.png 768w, https:\/\/liceoadhalmar.cl\/wp\/wp-content\/uploads\/2025\/02\/Logo-Nunoa-Educacion-Blanco-Horizontal-1536x565.png 1536w, https:\/\/liceoadhalmar.cl\/wp\/wp-content\/uploads\/2025\/02\/Logo-Nunoa-Educacion-Blanco-Horizontal.png 1860w\" sizes=\"(max-width: 300px) 100vw, 300px\" \/>\t\t\t\t\t\t\t\t\t\t\t\t\t\t\t<\/div>\n\t\t\t\t<\/div>\n\t\t\t\t\t<\/div>\n\t\t<\/div>\n\t\t\t\t\t<\/div>\n\t\t<\/section>\n\t\t\t\t<\/div>\n\t\t","protected":false},"excerpt":{"rendered":"<p>METODO DE ESTUDIO Volver a Inicio Liceo Augusto D\u00b4halmar Direcci\u00f3n: Ram\u00f3n Cruz 589. \u00d1u\u00f1oa, Santiago, Chile. contacto@liceoadhalmar.cl Fono: 22232512310 \/ 22232512313<\/p>\n","protected":false},"author":1,"featured_media":0,"parent":0,"menu_order":0,"comment_status":"closed","ping_status":"closed","template":"elementor_canvas","meta":{"footnotes":""},"class_list":["post-9302","page","type-page","status-publish","hentry"],"_links":{"self":[{"href":"https:\/\/liceoadhalmar.cl\/wp\/wp-json\/wp\/v2\/pages\/9302","targetHints":{"allow":["GET"]}}],"collection":[{"href":"https:\/\/liceoadhalmar.cl\/wp\/wp-json\/wp\/v2\/pages"}],"about":[{"href":"https:\/\/liceoadhalmar.cl\/wp\/wp-json\/wp\/v2\/types\/page"}],"author":[{"embeddable":true,"href":"https:\/\/liceoadhalmar.cl\/wp\/wp-json\/wp\/v2\/users\/1"}],"replies":[{"embeddable":true,"href":"https:\/\/liceoadhalmar.cl\/wp\/wp-json\/wp\/v2\/comments?post=9302"}],"version-history":[{"count":20,"href":"https:\/\/liceoadhalmar.cl\/wp\/wp-json\/wp\/v2\/pages\/9302\/revisions"}],"predecessor-version":[{"id":12475,"href":"https:\/\/liceoadhalmar.cl\/wp\/wp-json\/wp\/v2\/pages\/9302\/revisions\/12475"}],"wp:attachment":[{"href":"https:\/\/liceoadhalmar.cl\/wp\/wp-json\/wp\/v2\/media?parent=9302"}],"curies":[{"name":"wp","href":"https:\/\/api.w.org\/{rel}","templated":true}]}}